{"id":383,"date":"2022-03-23T20:39:12","date_gmt":"2022-03-23T20:39:12","guid":{"rendered":"https:\/\/aliothwp-light.pethemes.com\/?page_id=383"},"modified":"2025-04-10T13:52:48","modified_gmt":"2025-04-10T17:52:48","slug":"about","status":"publish","type":"page","link":"https:\/\/laurencedodier.ca\/","title":{"rendered":"Accueil2.0"},"content":{"rendered":"\t\t<div data-elementor-type=\"wp-page\" data-elementor-id=\"383\" class=\"elementor elementor-383\">\n\t\t\t\t\t\t<section class=\"elementor-section elementor-top-section elementor-element elementor-element-3b48f3a wrapper-wide elementor-section-boxed elementor-section-height-default elementor-section-height-default\" data-id=\"3b48f3a\" data-element_type=\"section\">\n\t\t\t\t\t\t<div class=\"elementor-container elementor-column-gap-default\">\n\t\t\t\t\t<div class=\"elementor-column elementor-col-100 elementor-top-column elementor-element elementor-element-dacc0ed\" data-id=\"dacc0ed\" data-element_type=\"column\">\n\t\t\t<div class=\"elementor-widget-wrap elementor-element-populated\">\n\t\t\t\t\t\t<div class=\"elementor-element elementor-element-d222d84 elementor-widget elementor-widget-aliothtextwrapper\" data-id=\"d222d84\" data-element_type=\"widget\" data-widget_type=\"aliothtextwrapper.default\">\n\t\t\t\t<div class=\"elementor-widget-container\">\n\t\t\t\t\t\n\n<div class=\"text-wrapper align-left\">\n\n    <h1 class=\"has-anim\" data-animation=\"charsFadeDown\" data-duration=\"0.5\" data-delay=\"0.1\" data-stagger=\"0.02\">Salut, moi c'est Laurence! <br>Designer UI\/UX & <br> Int\u00e9gratrice multim\u00e9dia<\/h1>\n<\/div>\n\n\n\t\t\t\t<\/div>\n\t\t\t\t<\/div>\n\t\t\t\t\t<\/div>\n\t\t<\/div>\n\t\t\t\t\t<\/div>\n\t\t<\/section>\n\t\t\t\t<section class=\"elementor-section elementor-top-section elementor-element elementor-element-c552168 wrapper-wide elementor-section-boxed elementor-section-height-default elementor-section-height-default\" data-id=\"c552168\" data-element_type=\"section\">\n\t\t\t\t\t\t<div class=\"elementor-container elementor-column-gap-default\">\n\t\t\t\t\t<div class=\"elementor-column elementor-col-33 elementor-top-column elementor-element elementor-element-0c1ce7d\" data-id=\"0c1ce7d\" data-element_type=\"column\">\n\t\t\t<div class=\"elementor-widget-wrap\">\n\t\t\t\t\t\t\t<\/div>\n\t\t<\/div>\n\t\t\t\t<div class=\"elementor-column elementor-col-66 elementor-top-column elementor-element elementor-element-44f5d84\" data-id=\"44f5d84\" data-element_type=\"column\">\n\t\t\t<div class=\"elementor-widget-wrap elementor-element-populated\">\n\t\t\t\t\t\t<div class=\"elementor-element elementor-element-883c2a3 elementor-widget elementor-widget-aliothtextwrapper\" data-id=\"883c2a3\" data-element_type=\"widget\" data-widget_type=\"aliothtextwrapper.default\">\n\t\t\t\t<div class=\"elementor-widget-container\">\n\t\t\t\t\t\n\n<div class=\"text-wrapper align-left\">\n\n    <h4 class=\"has-anim\" data-animation=\"linesUp\" data-duration=\"1.5\" data-delay=\"0.1\" data-stagger=\"0.1\">Attentive aux attentes des clients et aux \u00e9volutions du march\u00e9, j\u2019accorde une importance particuli\u00e8re \u00e0 l\u2019ergonomie et \u00e0 l\u2019accessibilit\u00e9. Mon objectif&nbsp;: concevoir des interfaces harmonieuses, intuitives et engageantes, o\u00f9 chaque d\u00e9tail contribue \u00e0 une exp\u00e9rience fluide et inclusive.<\/h4>\n<\/div>\n\n\n\t\t\t\t<\/div>\n\t\t\t\t<\/div>\n\t\t\t\t<div class=\"elementor-element elementor-element-ae948a6 elementor-widget elementor-widget-aliothseperator\" data-id=\"ae948a6\" data-element_type=\"widget\" data-widget_type=\"aliothseperator.default\">\n\t\t\t\t<div class=\"elementor-widget-container\">\n\t\t\t\t\t\n<!--Seperator-->\n<span data-delay=\"0.1\" data-duration=\"1\" data-anim=\"true\" class=\"alioth-seperator align-left\"><\/span>\n<!--\/Seperator-->\n\n\n\t\t\t\t<\/div>\n\t\t\t\t<\/div>\n\t\t\t\t<section class=\"elementor-section elementor-inner-section elementor-element elementor-element-9fbcf4c wrapper-wide elementor-section-boxed elementor-section-height-default elementor-section-height-default\" data-id=\"9fbcf4c\" data-element_type=\"section\">\n\t\t\t\t\t\t<div class=\"elementor-container elementor-column-gap-default\">\n\t\t\t\t\t<div class=\"elementor-column elementor-col-50 elementor-inner-column elementor-element elementor-element-33ec059\" data-id=\"33ec059\" data-element_type=\"column\">\n\t\t\t<div class=\"elementor-widget-wrap elementor-element-populated\">\n\t\t\t\t\t\t<div class=\"elementor-element elementor-element-30fa32b elementor-widget elementor-widget-aliothnumbercounter\" data-id=\"30fa32b\" data-element_type=\"widget\" data-widget_type=\"aliothnumbercounter.default\">\n\t\t\t\t<div class=\"elementor-widget-container\">\n\t\t\t\t\t\n\n<!--Number Counter-->\n<div data-delay=\"0\" class=\"a-number-counter light\">\n\n    <!--Number-->\n    <div class=\"ac-number\">4<\/div>\n\n    <!--Seperator-->\n    <span class=\"ac-sign\">+<\/span>\n    <!--\/Seperator-->\n\n    <!--\/Number-->\n\n    <!--Counter Title-->\n    <div class=\"ac-title\">ans d\u2019exp\u00e9rience<\/div>\n    <!--\/Counter Title-->\n\n<\/div>\n<!--\/Number Counter-->\n\n\n\t\t\t\t<\/div>\n\t\t\t\t<\/div>\n\t\t\t\t\t<\/div>\n\t\t<\/div>\n\t\t\t\t<div class=\"elementor-column elementor-col-50 elementor-inner-column elementor-element elementor-element-1c2f695\" data-id=\"1c2f695\" data-element_type=\"column\">\n\t\t\t<div class=\"elementor-widget-wrap elementor-element-populated\">\n\t\t\t\t\t\t<div class=\"elementor-element elementor-element-1bf7ad9 elementor-widget elementor-widget-aliothnumbercounter\" data-id=\"1bf7ad9\" data-element_type=\"widget\" data-widget_type=\"aliothnumbercounter.default\">\n\t\t\t\t<div class=\"elementor-widget-container\">\n\t\t\t\t\t\n\n<!--Number Counter-->\n<div data-delay=\"0\" class=\"a-number-counter light\">\n\n    <!--Number-->\n    <div class=\"ac-number\">10<\/div>\n\n    <!--Seperator-->\n    <span class=\"ac-sign\">+<\/span>\n    <!--\/Seperator-->\n\n    <!--\/Number-->\n\n    <!--Counter Title-->\n    <div class=\"ac-title\">site web<\/div>\n    <!--\/Counter Title-->\n\n<\/div>\n<!--\/Number Counter-->\n\n\n\t\t\t\t<\/div>\n\t\t\t\t<\/div>\n\t\t\t\t\t<\/div>\n\t\t<\/div>\n\t\t\t\t\t<\/div>\n\t\t<\/section>\n\t\t\t\t\t<\/div>\n\t\t<\/div>\n\t\t\t\t\t<\/div>\n\t\t<\/section>\n\t\t<div class=\"elementor-element elementor-element-ae44ca9 e-con-full e-flex e-con e-parent\" data-id=\"ae44ca9\" data-element_type=\"container\">\n\t\t\t\t<div class=\"elementor-element elementor-element-716728e elementor-align-right elementor-invisible elementor-widget elementor-widget-button\" data-id=\"716728e\" data-element_type=\"widget\" data-settings=\"{&quot;_animation&quot;:&quot;fadeIn&quot;}\" data-widget_type=\"button.default\">\n\t\t\t\t<div class=\"elementor-widget-container\">\n\t\t\t\t\t\t\t\t\t<div class=\"elementor-button-wrapper\">\n\t\t\t\t\t<a class=\"elementor-button elementor-button-link elementor-size-md elementor-animation-hang\" href=\"https:\/\/laurencedodier.ca\/?page_id=435\" id=\"decouvrir\">\n\t\t\t\t\t\t<span class=\"elementor-button-content-wrapper\">\n\t\t\t\t\t\t<span class=\"elementor-button-icon\">\n\t\t\t\t<svg aria-hidden=\"true\" class=\"e-font-icon-svg e-fas-arrow-right\" viewBox=\"0 0 448 512\" xmlns=\"http:\/\/www.w3.org\/2000\/svg\"><path d=\"M190.5 66.9l22.2-22.2c9.4-9.4 24.6-9.4 33.9 0L441 239c9.4 9.4 9.4 24.6 0 33.9L246.6 467.3c-9.4 9.4-24.6 9.4-33.9 0l-22.2-22.2c-9.5-9.5-9.3-25 .4-34.3L311.4 296H24c-13.3 0-24-10.7-24-24v-32c0-13.3 10.7-24 24-24h287.4L190.9 101.2c-9.8-9.3-10-24.8-.4-34.3z\"><\/path><\/svg>\t\t\t<\/span>\n\t\t\t\t\t\t\t\t\t<span class=\"elementor-button-text\">D\u00e9couvre mon portfolio<\/span>\n\t\t\t\t\t<\/span>\n\t\t\t\t\t<\/a>\n\t\t\t\t<\/div>\n\t\t\t\t\t\t\t\t<\/div>\n\t\t\t\t<\/div>\n\t\t\t\t<\/div>\n\t\t\t\t<section class=\"elementor-section elementor-top-section elementor-element elementor-element-af9a36b wrapper-smaller elementor-section-boxed elementor-section-height-default elementor-section-height-default\" data-id=\"af9a36b\" data-element_type=\"section\">\n\t\t\t\t\t\t<div class=\"elementor-container elementor-column-gap-default\">\n\t\t\t\t\t<div class=\"elementor-column elementor-col-100 elementor-top-column elementor-element elementor-element-e8b261b\" data-id=\"e8b261b\" data-element_type=\"column\">\n\t\t\t<div class=\"elementor-widget-wrap elementor-element-populated\">\n\t\t\t\t\t\t<div class=\"elementor-element elementor-element-d5178cd elementor-widget elementor-widget-aliothprojectscarousel\" data-id=\"d5178cd\" data-element_type=\"widget\" data-widget_type=\"aliothprojectscarousel.default\">\n\t\t\t\t<div class=\"elementor-widget-container\">\n\t\t\t\t\t\n<!--Alioth Recent Works-->\n<div data-navigate=\"scroll\" class=\"a-recent-works light\">\n\n    \n    <!--Navigation (Don't Touch)-->\n    <div class=\"a-recent-works-nav\">\n        <div class=\"arw-prev\"><i class=\"icofont-long-arrow-left\"><\/i><\/div>\n        <div class=\"arw-next\"><i class=\"icofont-long-arrow-right\"><\/i><\/div>\n    <\/div>\n    <!--Navigation (Don't Touch)-->\n\n    <!--Works Wrapper-->\n    <div class=\"recent-works-wrapper\">\n\n                <!--Project-->\n        <div class=\"ar-work\">\n\n            <!--Project URL--><a href=\"https:\/\/laurencedodier.ca\/?portfolio=mechasys-ca\">\n\n                <!--Project Image-->\n                <div class=\"ar-work-image\">\n\n                    \n                    <img decoding=\"async\" alt=\"\" src=\"https:\/\/laurencedodier.ca\/wp-content\/uploads\/2025\/04\/imageMiseAvant.jpg\">\n\n                    \n                <\/div>\n                <!--\/Project Image-->\n\n                <!--Project Title-->\n                <div class=\"ar-work-title\">Mechasys.ca<\/div>\n                <!--\/Project Title-->\n\n                                <!--Project Category-->\n                <div class=\"ar-work-cat\"><span>UI\/UX Design<\/span><\/div>\n                <!--\/Project Category-->\n                            <\/a>\n\n        <\/div>\n        <!--\/Project-->\n\n                <!--Project-->\n        <div class=\"ar-work\">\n\n            <!--Project URL--><a href=\"https:\/\/laurencedodier.ca\/?portfolio=rollingstone-fr\">\n\n                <!--Project Image-->\n                <div class=\"ar-work-image\">\n\n                    \n                    <img decoding=\"async\" alt=\"Rollingstone.fr\" src=\"https:\/\/laurencedodier.ca\/wp-content\/uploads\/2024\/06\/miseAvant.jpg\">\n\n                    \n                <\/div>\n                <!--\/Project Image-->\n\n                <!--Project Title-->\n                <div class=\"ar-work-title\">Rollingstone.fr<\/div>\n                <!--\/Project Title-->\n\n                                <!--Project Category-->\n                <div class=\"ar-work-cat\"><span>UI\/UX Design<\/span><\/div>\n                <!--\/Project Category-->\n                            <\/a>\n\n        <\/div>\n        <!--\/Project-->\n\n                <!--Project-->\n        <div class=\"ar-work\">\n\n            <!--Project URL--><a href=\"https:\/\/laurencedodier.ca\/?portfolio=ofocus\">\n\n                <!--Project Image-->\n                <div class=\"ar-work-image\">\n\n                    \n                    <img decoding=\"async\" alt=\"\" src=\"https:\/\/laurencedodier.ca\/wp-content\/uploads\/2023\/12\/miseAvant.jpg\">\n\n                    \n                <\/div>\n                <!--\/Project Image-->\n\n                <!--Project Title-->\n                <div class=\"ar-work-title\">Ofocus<\/div>\n                <!--\/Project Title-->\n\n                                <!--Project Category-->\n                <div class=\"ar-work-cat\"><span>UI\/UX Design<\/span><\/div>\n                <!--\/Project Category-->\n                            <\/a>\n\n        <\/div>\n        <!--\/Project-->\n\n                <!--Project-->\n        <div class=\"ar-work\">\n\n            <!--Project URL--><a href=\"https:\/\/laurencedodier.ca\/?portfolio=perception\">\n\n                <!--Project Image-->\n                <div class=\"ar-work-image\">\n\n                    \n                    <img decoding=\"async\" alt=\"\" src=\"https:\/\/laurencedodier.ca\/wp-content\/uploads\/2022\/03\/Magazine_Mockup_7.jpg\">\n\n                    \n                <\/div>\n                <!--\/Project Image-->\n\n                <!--Project Title-->\n                <div class=\"ar-work-title\">Perception<\/div>\n                <!--\/Project Title-->\n\n                                <!--Project Category-->\n                <div class=\"ar-work-cat\"><span>\u00c9dition<\/span><\/div>\n                <!--\/Project Category-->\n                            <\/a>\n\n        <\/div>\n        <!--\/Project-->\n\n        \n    <\/div>\n    <!--\/Works Wrapper-->\n\n<\/div>\n<!--\/Alioth Recent Works-->\n\n\n\t\t\t\t<\/div>\n\t\t\t\t<\/div>\n\t\t\t\t\t<\/div>\n\t\t<\/div>\n\t\t\t\t\t<\/div>\n\t\t<\/section>\n\t\t\t\t<section class=\"elementor-section elementor-top-section elementor-element elementor-element-d62b222 wrapper-wide elementor-section-boxed elementor-section-height-default elementor-section-height-default\" data-id=\"d62b222\" data-element_type=\"section\" data-settings=\"{&quot;background_background&quot;:&quot;classic&quot;}\">\n\t\t\t\t\t\t<div class=\"elementor-container elementor-column-gap-default\">\n\t\t\t\t\t<div class=\"elementor-column elementor-col-100 elementor-top-column elementor-element elementor-element-af76d21 parcours\" data-id=\"af76d21\" data-element_type=\"column\">\n\t\t\t<div class=\"elementor-widget-wrap elementor-element-populated\">\n\t\t\t\t\t\t<section class=\"elementor-section elementor-inner-section elementor-element elementor-element-ba08f6e wrapper-wide elementor-section-boxed elementor-section-height-default elementor-section-height-default\" data-id=\"ba08f6e\" data-element_type=\"section\">\n\t\t\t\t\t\t<div class=\"elementor-container elementor-column-gap-default\">\n\t\t\t\t\t<div class=\"elementor-column elementor-col-50 elementor-inner-column elementor-element elementor-element-2b4963e\" data-id=\"2b4963e\" data-element_type=\"column\">\n\t\t\t<div class=\"elementor-widget-wrap elementor-element-populated\">\n\t\t\t\t\t\t<div class=\"elementor-element elementor-element-8a74e23 elementor-widget elementor-widget-aliothtextwrapper\" data-id=\"8a74e23\" data-element_type=\"widget\" data-widget_type=\"aliothtextwrapper.default\">\n\t\t\t\t<div class=\"elementor-widget-container\">\n\t\t\t\t\t\n\n<div class=\"text-wrapper align-left\">\n\n    <h2 class=\"has-anim\" data-animation=\"charsUp\" data-duration=\"0.8\" data-delay=\"0.1\" data-stagger=\"0.01\">Exp\u00e9riences<\/h2>\n<\/div>\n\n\n\t\t\t\t<\/div>\n\t\t\t\t<\/div>\n\t\t\t\t\t<\/div>\n\t\t<\/div>\n\t\t\t\t<div class=\"elementor-column elementor-col-50 elementor-inner-column elementor-element elementor-element-55d1dfe\" data-id=\"55d1dfe\" data-element_type=\"column\">\n\t\t\t<div class=\"elementor-widget-wrap elementor-element-populated\">\n\t\t\t\t\t\t<div class=\"elementor-element elementor-element-64c10f5 elementor-widget elementor-widget-aliothseperator\" data-id=\"64c10f5\" data-element_type=\"widget\" data-widget_type=\"aliothseperator.default\">\n\t\t\t\t<div class=\"elementor-widget-container\">\n\t\t\t\t\t\n<!--Seperator-->\n<span data-delay=\"0.1\" data-duration=\"1\" data-anim=\"true\" class=\"alioth-seperator align-left\"><\/span>\n<!--\/Seperator-->\n\n\n\t\t\t\t<\/div>\n\t\t\t\t<\/div>\n\t\t\t\t<div class=\"elementor-element elementor-element-ae9b9ee elementor-widget elementor-widget-aliothlist\" data-id=\"ae9b9ee\" data-element_type=\"widget\" data-widget_type=\"aliothlist.default\">\n\t\t\t\t<div class=\"elementor-widget-container\">\n\t\t\t\t\t\n<!--Alioth Awards-->\n<div class=\"alioth-list \">\n    <ul>\n            \n        \n        <li>T\u00c9LUQ - Int\u00e9gratrice multim\u00e9dia \u2014 Depuis 2024<\/li>\n        \n                \n        \n        \n        <li>Les Pr\u00e9tentieux - Int\u00e9gratrice Web (Pigiste) \u2014 2023-2024<\/li>\n        \n                \n        \n        \n        <li>Minist\u00e8re de l&#039;\u00c9ducation du Qu\u00e9bec - Graphiste d\u2019\u00e9dition \u2014&nbsp;2023<\/li>\n        \n                \n        \n        \n        <li>Centris - Agente Marketing et communication \u2014 2022<\/li>\n        \n                \n        \n        \n        <li>DIY-Robotics - Webmestre \u2014&nbsp;2021&#8239;-&#8239;2022<\/li>\n        \n                \n        \n        \n        <li>CNESST - Int\u00e9gratrice Web \u2014 2020<\/li>\n        \n                \n        \n        \n        <li>Okam - D\u00e9veloppeuse web \u2014 2019<\/li>\n        \n                \n<\/ul>\n<\/div>\n<!--\/Alioth Awwards-->\n\t\t\t\t<\/div>\n\t\t\t\t<\/div>\n\t\t\t\t\t<\/div>\n\t\t<\/div>\n\t\t\t\t\t<\/div>\n\t\t<\/section>\n\t\t\t\t<section class=\"elementor-section elementor-inner-section elementor-element elementor-element-c8ee235 wrapper-wide elementor-section-boxed elementor-section-height-default elementor-section-height-default\" data-id=\"c8ee235\" data-element_type=\"section\">\n\t\t\t\t\t\t<div class=\"elementor-container elementor-column-gap-default\">\n\t\t\t\t\t<div class=\"elementor-column elementor-col-50 elementor-inner-column elementor-element elementor-element-90e7032\" data-id=\"90e7032\" data-element_type=\"column\">\n\t\t\t<div class=\"elementor-widget-wrap elementor-element-populated\">\n\t\t\t\t\t\t<div class=\"elementor-element elementor-element-b59995d elementor-widget__width-initial elementor-widget elementor-widget-aliothtextwrapper\" data-id=\"b59995d\" data-element_type=\"widget\" data-widget_type=\"aliothtextwrapper.default\">\n\t\t\t\t<div class=\"elementor-widget-container\">\n\t\t\t\t\t\n\n<div class=\"text-wrapper align-left\">\n\n    <h2 class=\"has-anim\" data-animation=\"charsUp\" data-duration=\"0.8\" data-delay=\"0.1\" data-stagger=\"0.01\">\u00c9tudes<\/h2>\n<\/div>\n\n\n\t\t\t\t<\/div>\n\t\t\t\t<\/div>\n\t\t\t\t\t<\/div>\n\t\t<\/div>\n\t\t\t\t<div class=\"elementor-column elementor-col-50 elementor-inner-column elementor-element elementor-element-82b3b94\" data-id=\"82b3b94\" data-element_type=\"column\">\n\t\t\t<div class=\"elementor-widget-wrap elementor-element-populated\">\n\t\t\t\t\t\t<div class=\"elementor-element elementor-element-cd2d2c6 elementor-widget elementor-widget-aliothseperator\" data-id=\"cd2d2c6\" data-element_type=\"widget\" data-widget_type=\"aliothseperator.default\">\n\t\t\t\t<div class=\"elementor-widget-container\">\n\t\t\t\t\t\n<!--Seperator-->\n<span data-delay=\"0.1\" data-duration=\"1\" data-anim=\"true\" class=\"alioth-seperator align-left\"><\/span>\n<!--\/Seperator-->\n\n\n\t\t\t\t<\/div>\n\t\t\t\t<\/div>\n\t\t\t\t<div class=\"elementor-element elementor-element-470b2ce elementor-widget elementor-widget-aliothlist\" data-id=\"470b2ce\" data-element_type=\"widget\" data-widget_type=\"aliothlist.default\">\n\t\t\t\t<div class=\"elementor-widget-container\">\n\t\t\t\t\t\n<!--Alioth Awards-->\n<div class=\"alioth-list \">\n    <ul>\n            \n        \n        <li>B. Design graphique - Universit\u00e9 Laval \u2014&nbsp;2021&#8239;-&#8239;2024<\/li>\n        \n                \n        \n        \n        <li>Design graphique - \u00c9cole de Cr\u00e9ation Visuelle \u2014&nbsp;2024<\/li>\n        \n                \n        \n        \n        <li>DEC Int\u00e9gration multim\u00e9dia - Coll\u00e8ge de Maisonneuve \u2014&nbsp;2016&#8239;-&#8239;2019<\/li>\n        \n                \n<\/ul>\n<\/div>\n<!--\/Alioth Awwards-->\n\t\t\t\t<\/div>\n\t\t\t\t<\/div>\n\t\t\t\t\t<\/div>\n\t\t<\/div>\n\t\t\t\t\t<\/div>\n\t\t<\/section>\n\t\t\t\t\t<\/div>\n\t\t<\/div>\n\t\t\t\t\t<\/div>\n\t\t<\/section>\n\t\t<div class=\"elementor-element elementor-element-e482106 e-flex e-con-boxed e-con e-parent\" data-id=\"e482106\" data-element_type=\"container\" data-settings=\"{&quot;background_background&quot;:&quot;classic&quot;}\">\n\t\t\t\t\t<div class=\"e-con-inner\">\n\t\t<div class=\"elementor-element elementor-element-87c5309 parcours e-con-full e-flex e-con e-child\" data-id=\"87c5309\" data-element_type=\"container\">\n\t\t<div class=\"elementor-element elementor-element-41e4535 e-con-full e-flex e-con e-child\" data-id=\"41e4535\" data-element_type=\"container\">\n\t\t<div class=\"elementor-element elementor-element-07d64d8 e-con-full e-flex e-con e-child\" data-id=\"07d64d8\" data-element_type=\"container\">\n\t\t\t\t<\/div>\n\t\t<div class=\"elementor-element elementor-element-b4922fe e-con-full e-flex e-con e-child\" data-id=\"b4922fe\" data-element_type=\"container\">\n\t\t\t\t<div class=\"elementor-element elementor-element-3e989b1 elementor-widget__width-initial elementor-widget elementor-widget-aliothtextwrapper\" data-id=\"3e989b1\" data-element_type=\"widget\" data-widget_type=\"aliothtextwrapper.default\">\n\t\t\t\t<div class=\"elementor-widget-container\">\n\t\t\t\t\t\n\n<div class=\"text-wrapper align-right\">\n\n    <h2 class=\"has-anim\" data-animation=\"charsUp\" data-duration=\"0.8\" data-delay=\"0.1\" data-stagger=\"0.01\">Donne vie \u00e0 tes&nbsp;id\u00e9es!<\/h2>\n<\/div>\n\n\n\t\t\t\t<\/div>\n\t\t\t\t<\/div>\n\t\t\t\t<div class=\"elementor-element elementor-element-2b252d4 elementor-widget elementor-widget-aliothbutton\" data-id=\"2b252d4\" data-element_type=\"widget\" data-widget_type=\"aliothbutton.default\">\n\t\t\t\t<div class=\"elementor-widget-container\">\n\t\t\t\t\t\n<!--Button-->\n<div class=\"alioth-button align-right button-classic dark\">\n\n    <div class=\"a-button style_1 light\">\n\n        <!--Button URL-->\n        <a href=\"mailto:laurence.dodier@gmail.com\">\u00c9cris-moi, je suis toute ou\u00efe! \u2615\ufe0f\n            <!--Button Icon-->\n                        <!--\/Button Icon-->\n\n        <\/a>\n        <!--\/Button URL-->\n\n    <\/div>\n\n<\/div>\n    <!--\/Button-->\n\n\t\t\t\t<\/div>\n\t\t\t\t<\/div>\n\t\t\t\t<\/div>\n\t\t\t\t<\/div>\n\t\t\t\t<\/div>\n\t\t\t\t\t<\/div>\n\t\t\t\t<\/div>\n\t\t\t\t<\/div>\n\t\t","protected":false},"excerpt":{"rendered":"<p>Salut, moi c&#8217;est Laurence! Designer UI\/UX &#038; Int\u00e9gratrice multim\u00e9dia Attentive aux attentes des clients et aux \u00e9volutions du march\u00e9, j\u2019accorde une importance particuli\u00e8re \u00e0 l\u2019ergonomie et \u00e0 l\u2019accessibilit\u00e9. Mon objectif&nbsp;: concevoir des interfaces harmonieuses, intuitives et engageantes, o\u00f9 chaque d\u00e9tail contribue \u00e0 une exp\u00e9rience fluide et inclusive. 4 + ans d\u2019exp\u00e9rience 10 + site web [&hellip;]<\/p>\n","protected":false},"author":2,"featured_media":0,"parent":0,"menu_order":0,"comment_status":"closed","ping_status":"closed","template":"","meta":{"_acf_changed":false,"footnotes":""},"class_list":["post-383","page","type-page","status-publish","hentry"],"acf":[],"_links":{"self":[{"href":"https:\/\/laurencedodier.ca\/index.php?rest_route=\/wp\/v2\/pages\/383","targetHints":{"allow":["GET"]}}],"collection":[{"href":"https:\/\/laurencedodier.ca\/index.php?rest_route=\/wp\/v2\/pages"}],"about":[{"href":"https:\/\/laurencedodier.ca\/index.php?rest_route=\/wp\/v2\/types\/page"}],"author":[{"embeddable":true,"href":"https:\/\/laurencedodier.ca\/index.php?rest_route=\/wp\/v2\/users\/2"}],"replies":[{"embeddable":true,"href":"https:\/\/laurencedodier.ca\/index.php?rest_route=%2Fwp%2Fv2%2Fcomments&post=383"}],"version-history":[{"count":78,"href":"https:\/\/laurencedodier.ca\/index.php?rest_route=\/wp\/v2\/pages\/383\/revisions"}],"predecessor-version":[{"id":1556,"href":"https:\/\/laurencedodier.ca\/index.php?rest_route=\/wp\/v2\/pages\/383\/revisions\/1556"}],"wp:attachment":[{"href":"https:\/\/laurencedodier.ca\/index.php?rest_route=%2Fwp%2Fv2%2Fmedia&parent=383"}],"curies":[{"name":"wp","href":"https:\/\/api.w.org\/{rel}","templated":true}]}}